{"id":94,"date":"2013-02-11T11:13:57","date_gmt":"2013-02-11T11:13:57","guid":{"rendered":"http:\/\/www.ciudadanosinfronteras.es\/?page_id=94"},"modified":"2013-02-11T11:13:57","modified_gmt":"2013-02-11T11:13:57","slug":"es-espana","status":"publish","type":"page","link":"http:\/\/www.ciudadanosinfronteras.es\/?page_id=94","title":{"rendered":"Es Espa\u00f1a &#8230;"},"content":{"rendered":"<p><span style=\"color: #0000ff;\">He estado en Espa\u00f1a, \u00a1despu\u00e9s de tantos a\u00f1os! Lo primero que se me pregunta es c\u00f3mo la he visto. Y contesto que a pesar de mi operaci\u00f3n de cataratas la he visto bien, y muy cambiada como a las mujeres de las generaciones que nos suceden, m\u00e1s hermosas y liberadas.<\/span><\/p>\n<p>Porque en Espa\u00f1a han cambiado tanto las cosas que hasta la m\u00e1s beatas nos pueden parecer unas libertarias estramb\u00f3ticas que si levantasen la cabeza sus antecesoras, de m\u00e1s recatado esp\u00edritu,\u00a0 les dar\u00eda un patat\u00fas y exclamar\u00edan: !Jes\u00fas, d\u00f3nde vamos a parar!<\/p>\n<p>Yo le tem\u00eda ir a la playa, por eso de los torsos femeninos tomando el sol, pues seguro que me ruborizar\u00eda, pero no fue as\u00ed, adem\u00e1s de que algunos t\u00edos no se quedaban atr\u00e1s. Pues, pude observar que en Espa\u00f1a hay obesidad, y puede que algo m\u00e1s que hoy se ve normal. De todas formas yo me hac\u00eda el sueco y ni me inmutaba, y miraba antes de mirar para no pecar. Pecar \u2026 \u00bfde qu\u00e9?<\/p>\n<p>Por otra parte, Espa\u00f1a es seg\u00fan se la mire, qui\u00e9n y c\u00f3mo. Por ejemplo: si se es del norte, si del sur, si de aqu\u00ed o de all\u00e1, de esta o aquella ala o acera.<\/p>\n<p>Luego, yo s\u00f3lo he podido ver la Espa\u00f1a del centro y algo de la del sur, o sea Madrid y Sevilla.<\/p>\n<p>Lo mejor, y lo recomendable, es ir para ver c\u00f3mo la ve usted. Y he llegado a la conclusi\u00f3n que el ir a Espa\u00f1a es la mejor cura para la morri\u00f1a y fervor patriota que carec\u00edamos anteriormente, pero que despu\u00e9s sufrimos los emigrantes, tanto que nos trueca en poetas de media monta, y media sin\u2026 taxi, (y eso me pas\u00f3 a mi retorno al \u00e9xodo que encontr\u00e9 un taxi, pero ser\u00eda medio taxista porque tuve que indicarle el camino despu\u00e9s de notar que no ten\u00eda prisa adem\u00e1s de preguntarle que si no ser\u00eda mejor por tal o cual v\u00eda; a lo cual me dijo que por donde a mi vuecencia me pareciese bien que a \u00e9l le daba igual), pero volviendo a lo de poeta no hay lugar a dudas que expresamos nuestras cuitas.<\/p>\n<p>Pero esto no es otra cosa que unas iron\u00edas con intenci\u00f3n de divertirles, y no con intenci\u00f3n de cabrearles y les suba la tensi\u00f3n. Pero, no todo es jauja ni juerga por all\u00e1, pues el chabolismo continua como en sus mejores tiempos, pero eso s\u00ed, hoy en d\u00eda hay m\u00e1s libertad para dormir en la acera, en el metro, debajo el puente,\u00a0 ad\u00f3nde se le antoje uno.<\/p>\n<p>\u00a1Ah! Y no piensen que me he olvidado de los derechos que\u00a0 tenemos al voto de residente ausente, pero s\u00ed hay quien se olvida que para eso tiene que luchar y no esperar que se lo solucionen los dem\u00e1s. Para los due\u00f1os del mundo, en este caso de Espa\u00f1a, no se enga\u00f1en, s\u00f3lo somos un producto de intercambio comercial aunque suene material, de materialista, poco espiritual.<\/p>\n<table cellspacing=\"0\" cellpadding=\"0\">\n<tbody>\n<tr>\n<td style=\"text-align: center;\" width=\"354\" height=\"31\">\n<h1 style=\"text-align: center;\">\u00a0Es Espa\u00f1a<\/h1>\n<p><a href=\"http:\/\/www.ciudadanosinfronteras.es\/wp-content\/uploads\/2013\/02\/Es-Espa\u00f1a...1.jpg\"><img loading=\"lazy\" decoding=\"async\" class=\"aligncenter size-medium wp-image-97\" title=\"Es  Espa\u00f1a...\" src=\"http:\/\/www.ciudadanosinfronteras.es\/wp-content\/uploads\/2013\/02\/Es-Espa\u00f1a...1-300x272.jpg\" alt=\"\" width=\"300\" height=\"272\" srcset=\"http:\/\/www.ciudadanosinfronteras.es\/wp-content\/uploads\/2013\/02\/Es-Espa\u00f1a...1-300x272.jpg 300w, http:\/\/www.ciudadanosinfronteras.es\/wp-content\/uploads\/2013\/02\/Es-Espa\u00f1a...1-1024x930.jpg 1024w, http:\/\/www.ciudadanosinfronteras.es\/wp-content\/uploads\/2013\/02\/Es-Espa\u00f1a...1.jpg 1650w\" sizes=\"(max-width: 300px) 100vw, 300px\" \/><\/a><\/p>\n<address>Es Espa\u00f1a una loncha de jam\u00f3n<\/address>\n<address>y no piel de bovino.<\/address>\n<address>Es Espa\u00f1a para\u00edso del buen vino<\/address>\n<address>y mejor anfitri\u00f3n<\/address>\n<address>\u00a0<\/address>\n<address>Es Espa\u00f1a una pata de gorrino<\/address>\n<address>que no una piel de toro.<\/address>\n<address>Es la Espa\u00f1a que en ganado porcino<\/address>\n<address>dispone de un tesoro.<\/address>\n<address>\u00a0<\/address>\n<address>\u00a0Es Espa\u00f1a una loncha de jam\u00f3n<\/address>\n<address>de pata de cochino.<\/address>\n<address>Es la Espa\u00f1a del buen sol y buen vino,<\/address>\n<address>y mejor anfitri\u00f3n.<\/address>\n<address>\u00a0<\/address>\n<address>En Madrid para ver arte y museo &#8230;<\/address>\n<address>nada \u2026 los del jam\u00f3n&#8230;<\/address>\n<address>que los dem\u00e1s con sus artes dan mareo.<\/address>\n<address>Mejor las del Mes\u00f3n.<\/address>\n<address>\u00a0<\/address>\n<address>Es Madrid, de Espa\u00f1a una autonom\u00eda,<\/address>\n<address>se vive en libertad.<\/address>\n<address>Y hay quien disiente de la monarqu\u00eda<\/address>\n<address>y hay inconformidad.\u00a0<\/address>\n<address>\u00a0<\/address>\n<address>De aperitivo sirven en Sevilla<\/address>\n<address>amarga la aceituna<\/address>\n<address>que acompa\u00f1adas con vinos montilla<\/address>\n<address>saben como ninguna.\u00a0<\/address>\n<address>\u00a0<\/address>\n<address>Las coplas de Sevilla cantan una\u00a0<\/address>\n<address>gitana y un gitano<\/address>\n<address>y cerca de La Giralda moruna<\/address>\n<address>les compite el rumano<\/address>\n<address>\u00a0<\/address>\n<address>Los gitanos usan, en vez del burro,<\/address>\n<address>el carro caravana,<\/address>\n<address>la buenaventura te dan, el Curro,<\/address>\n<address>s\u00f3lo si tiene gana.<\/address>\n<address>\u00a0<\/address>\n<address>Que las iglesias expongan museo,<\/address>\n<address>murallas o castillos.<\/address>\n<address>Yo en bares y chiriquitos me veo<\/address>\n<address>moviendo los carrillos<\/address>\n<address>\u00a0<\/address>\n<address>Para buscavidas, guiris y arios<\/address>\n<address>Espa\u00f1a es un fil\u00f3n.<\/address>\n<address>Y de las mafias, seguros santuarios,<\/address>\n<address>se dice que mansi\u00f3n<\/address>\n<address>\u00a0<\/address>\n<address>Ya que en Espa\u00f1a llega el presupuesto,\u00a0\u00a0<\/address>\n<address>y barato el alcohol.<\/address>\n<address>Pa\u00eds de toros, \u00bfde gilis\u2026?\u00a0 Por supuesto<\/address>\n<address>tiene buen clima y sol.<\/address>\n<address>\u00a0<\/address>\n<address>Si en Espa\u00f1a por culpa del ladrillo<\/address>\n<address>subi\u00f3 el desempleo.<\/address>\n<address>!Quita..! que siguen luciendo el anillo<\/address>\n<address>sin dejar el zapateo.<\/address>\n<address>\u00a0<\/address>\n<address>Dos casas&#8230;, (se acab\u00f3 lo que se daba)<\/address>\n<address>en la playa, o monta\u00f1a &#8230;<\/address>\n<address>cuando el dinero se multiplicaba\u00a0<\/address>\n<address>que hoy se atasca Espa\u00f1a.<\/address>\n<address>\u00a0<\/address>\n<p>Estribillo:<\/p>\n<address>Es Espa\u00f1a una loncha de jam\u00f3n<\/address>\n<address>y no piel de bovino &#8230;\u263b<\/address>\n<p>&nbsp;<\/p>\n<p>&nbsp;<\/td>\n<\/tr>\n<\/tbody>\n<\/table>\n<p>&nbsp;<\/p>\n<table width=\"523\" cellspacing=\"0\" cellpadding=\"0\">\n<tbody>\n<tr>\n<td width=\"357\" height=\"542\"><\/td>\n<\/tr>\n<\/tbody>\n<\/table>\n","protected":false},"excerpt":{"rendered":"<p>He estado en Espa\u00f1a, \u00a1despu\u00e9s de tantos a\u00f1os! Lo primero que se me pregunta es c\u00f3mo la he visto. Y contesto que a pesar de mi operaci\u00f3n de cataratas la he visto bien, y muy cambiada como a las mujeres &hellip; <a href=\"http:\/\/www.ciudadanosinfronteras.es\/?page_id=94\">Continue reading <span class=\"meta-nav\">&rarr;<\/span><\/a><\/p>\n","protected":false},"author":1,"featured_media":0,"parent":0,"menu_order":0,"comment_status":"open","ping_status":"open","template":"","meta":{"footnotes":""},"class_list":["post-94","page","type-page","status-publish","hentry"],"_links":{"self":[{"href":"http:\/\/www.ciudadanosinfronteras.es\/index.php?rest_route=\/wp\/v2\/pages\/94"}],"collection":[{"href":"http:\/\/www.ciudadanosinfronteras.es\/index.php?rest_route=\/wp\/v2\/pages"}],"about":[{"href":"http:\/\/www.ciudadanosinfronteras.es\/index.php?rest_route=\/wp\/v2\/types\/page"}],"author":[{"embeddable":true,"href":"http:\/\/www.ciudadanosinfronteras.es\/index.php?rest_route=\/wp\/v2\/users\/1"}],"replies":[{"embeddable":true,"href":"http:\/\/www.ciudadanosinfronteras.es\/index.php?rest_route=%2Fwp%2Fv2%2Fcomments&post=94"}],"version-history":[{"count":10,"href":"http:\/\/www.ciudadanosinfronteras.es\/index.php?rest_route=\/wp\/v2\/pages\/94\/revisions"}],"predecessor-version":[{"id":106,"href":"http:\/\/www.ciudadanosinfronteras.es\/index.php?rest_route=\/wp\/v2\/pages\/94\/revisions\/106"}],"wp:attachment":[{"href":"http:\/\/www.ciudadanosinfronteras.es\/index.php?rest_route=%2Fwp%2Fv2%2Fmedia&parent=94"}],"curies":[{"name":"wp","href":"https:\/\/api.w.org\/{rel}","templated":true}]}}