{"id":57,"date":"2013-02-04T04:51:08","date_gmt":"2013-02-04T04:51:08","guid":{"rendered":"http:\/\/www.ciudadanosinfronteras.es\/?page_id=57"},"modified":"2014-02-04T23:58:11","modified_gmt":"2014-02-04T23:58:11","slug":"57-2","status":"publish","type":"page","link":"http:\/\/www.ciudadanosinfronteras.es\/?page_id=57","title":{"rendered":"Desde las Ant\u00edpodas"},"content":{"rendered":"<table width=\"640\" cellspacing=\"0\" cellpadding=\"0\">\n<tbody>\n<tr>\n<td bgcolor=\"#66FF99\" width=\"719\" height=\"541\">\n<h1 style=\"text-align: center;\"><span style=\"color: #0000ff;\">Australia for the Australians<\/span><\/h1>\n<h3><strong>English <\/strong><\/h3>\n<p>\u201cAustralia for Australians&#8221; is a political pamphlet published in 1889. Its author was<a href=\"http:\/\/www.ciudadanosinfronteras.es\/wp-content\/uploads\/2013\/02\/A.-B.-Banjo-Paterson1.jpg\"><img loading=\"lazy\" decoding=\"async\" class=\"alignright  wp-image-360\" title=\"A. B. 'Banjo' Paterson,\" src=\"http:\/\/www.ciudadanosinfronteras.es\/wp-content\/uploads\/2013\/02\/A.-B.-Banjo-Paterson1-226x300.jpg\" alt=\"\" width=\"161\" height=\"213\" srcset=\"http:\/\/www.ciudadanosinfronteras.es\/wp-content\/uploads\/2013\/02\/A.-B.-Banjo-Paterson1-226x300.jpg 226w, http:\/\/www.ciudadanosinfronteras.es\/wp-content\/uploads\/2013\/02\/A.-B.-Banjo-Paterson1.jpg 344w\" sizes=\"(max-width: 161px) 100vw, 161px\" \/><\/a> A.B. Paterson, writer, poet and journalist; a very &#8216;patriotic&#8217; and nationalist exclusive character. In a paragraph of the first chapter he said:<\/p>\n<p>\u201cOften the people allege, especially the \u2018upper\u2019 classes, that our labouring population are too well off. That are too independent, that these people with its eight labour hours and holidays, the colony will never advance until we get cheap and reliable labour. This idea is founded in a hideous ignorance of the most simplistic rules of the political <a href=\"http:\/\/www.ciudadanosinfronteras.es\/wp-content\/uploads\/2013\/02\/Australia-for-the-Australians.jpg\"><img loading=\"lazy\" decoding=\"async\" class=\"wp-image-355 alignright\" title=\"Australia for the Australians\" src=\"http:\/\/www.ciudadanosinfronteras.es\/wp-content\/uploads\/2013\/02\/Australia-for-the-Australians-179x300.jpg\" alt=\"\" width=\"149\" height=\"281\" \/><\/a>economy. Cheap labour means degradation of the community, and no country has ever been prosperous and happy for reasons of labour being cheap; to be exact, the case has always been the contrary. High wages have always, everywhere, meant prosperity, and low wages have meant bad times.\u201d<\/p>\n<p>Already in that time, Peterson maintained that Australia was the most prosperous country in the world. And that no country had it so easy. But this proved, not to be as prosperous as they really could, or the right to be so. That they were far from being, for reasons that each pair of hands should always have a job, and well paid. That poverty, and the enforcement of well-meaning people, to unemployment, should be unknown. Yet he found people constantly seeking work in vain. That young people were the hardest hit. That he considered absurd to build up the population in the cities. And less reasonable in a country as extensive as Australia.<\/p>\n<p>I believe that you all will agree with his words, but in recent times, more than a hundred years later, his worries return to be current. With the difference that today cheap workforce is imported and the production is exported.\u25a0<\/p>\n<h3>\u00a0<strong>Espa\u00f1ol <\/strong><\/h3>\n<p>\u201cAustralia para los australianos\u201d es un panfleto literario pol\u00edtico publicado en el a\u00f1o 1889. Su autor era <strong>A.B. Paterson<\/strong>, escritor poeta y periodista, un personaje muy \u2018patriota\u2019 y nacionalista excluyente. En un p\u00e1rrafo de su primer cap\u00edtulo dec\u00eda:<\/p>\n<p>\u00abA menudo la gente alega, especialmente las \u2018clases\u2019 altas, que la populaci\u00f3n trabajadora vive demasiado bien. Que son demasiados independientes, esa gente con sus ocho horas laborales y vacaciones, la colonia (se refer\u00eda a Australia, colonia brit\u00e1nica) nunca avanzar\u00e1 hasta que se obtengan mano de obra barata y fidedigna .<\/p>\n<p>Esta idea est\u00e1 fundada en una inicua ignorancia de la m\u00e1s simples reglas de la econom\u00eda pol\u00edtica. La mano de obra barata significa degradaci\u00f3n de la comunidad, y jam\u00e1s pa\u00eds alguno ha sido pr\u00f3spero y feliz por razones de mano de obra barata; si no que para ser exacto lo contrario ha sido siempre el caso. Salarios altos en todas partes siempre han significado prosperidad, y salarios bajos han significado malos tiempos.\u00bb<\/p>\n<p>Ya en eso tiempos, <strong>Paterson <\/strong>manten\u00eda que Australia era el pa\u00eds m\u00e1s pr\u00f3spero del mundo. Y que ning\u00fan pa\u00eds lo ten\u00eda tan f\u00e1cil. Pero que ello no probaba que fuesen tan pr\u00f3speros como realmente podr\u00edan, o el derecho de, serlo. Que estaban muy lejos de serlo por razones de que cada pareja de manos deber\u00eda siempre tener un trabajo bien pagado. Que la pobreza, y la imposici\u00f3n al desempleo de personas bien intencionadas, deber\u00eda ser desconocido. Que ve\u00edan como constantemente estos buscan trabajo en vano.\u00a0 Que los j\u00f3venes eran los m\u00e1s perjudicados. Que consideraba absurdo acumular la populaci\u00f3n en las ciudades. Y m\u00e1s en un pa\u00eds tan extenso como Australia.<\/p>\n<p>Creo que todos estar\u00e9is de acuerdo con sus palabras, pero en los \u00faltimos tiempos, m\u00e1s de cien a\u00f1os despu\u00e9s, sus preocupaciones vuelven a ser actuales.\u00a0 Con la diferencia de que hoy se importa mano de obra barata y se exporta la producci\u00f3n.\u25a0<\/p>\n<h1 style=\"text-align: center;\"><\/h1>\n<p>&nbsp;<\/p>\n<h1 style=\"text-align: center;\"><span style=\"color: #0000ff;\">The changing face of Australia<\/span><\/h1>\n<h1 style=\"text-align: center;\"><a href=\"http:\/\/www.ciudadanosinfronteras.es\/wp-content\/uploads\/2013\/02\/Ausflag.jpg\"><img loading=\"lazy\" decoding=\"async\" class=\"alignright size-medium wp-image-66\" title=\"Ausflag\" src=\"http:\/\/www.ciudadanosinfronteras.es\/wp-content\/uploads\/2013\/02\/Ausflag-300x200.jpg\" alt=\"\" width=\"300\" height=\"200\" srcset=\"http:\/\/www.ciudadanosinfronteras.es\/wp-content\/uploads\/2013\/02\/Ausflag-300x200.jpg 300w, http:\/\/www.ciudadanosinfronteras.es\/wp-content\/uploads\/2013\/02\/Ausflag.jpg 546w\" sizes=\"(max-width: 300px) 100vw, 300px\" \/><\/a><\/h1>\n<p style=\"text-align: left;\">S\u00ed, Australia sigue cambiando su cara constantemente, incluyendo su dependencia.<\/p>\n<p style=\"text-align: left;\">Unos compa\u00f1eros australianos comentaban la necesidad de los EEUU pues temen a Asia, especialmente a China la cual se desarrolla con la ayuda de las inversiones for\u00e1neas, incluidas inversiones australianas, buscando aprovecharse de su barata mano de obra. Hoy en d\u00eda dif\u00edcil ser\u00e1 encontrar en Australia un producto manufacturado localmente. Tambi\u00e9n mis compa\u00f1eros consideraban China como la principal amenaza. China es el mayor cliente de materiales primarios, como la miner\u00eda, de Australia. No nos faltan los $2 \u00abshops\u00bb. Lo de los $2 no son exactamente, hay que andarse con vista, otros productos que venden valen m\u00e1s y pueden llegar ser m\u00e1s caros que en otros establecimientos.<\/p>\n<p style=\"text-align: left;\">\u00a0Cuando los gobiernos nos hablan de reducir el presupuesto b\u00e9lico no debemos creerlo, ninguno lo hace, lo que hacen es destinar el dinero a otros servicios para la misma causa. Australia examina qu\u00e9 submarinos va a necesitar (12) dependiendo de d\u00f3nde le puedan venir las amenazas. Las opciones incluyen actualizar los que tiene, pasados de moda. Otra opci\u00f3n seria construirlos exclusivamente en Australia, m\u00e1s caro. Y otra, m\u00e1s barato, ser\u00edan los submarinos existentes en el mundo entre los cuales incluyen los espa\u00f1oles S-80 Navantia como una posibilidad.<\/p>\n<p style=\"text-align: left;\">La uni\u00f3n de sindicatos australianos ACTU, influenciados por los planes del multibillonario Warren Buffet y el presidente Barack Obama, debaten reformas en las que incluyen relajar la presi\u00f3n de los impuestos a las clases sociales bajas y medias encamin\u00e1ndolas hac\u00eda las altas.<\/p>\n<\/td>\n<\/tr>\n<\/tbody>\n<\/table>\n<table width=\"523\" cellspacing=\"0\" cellpadding=\"0\">\n<tbody>\n<tr>\n<td bgcolor=\"#99FFCC\" width=\"444\" height=\"304\">\n<div>\n<h1 style=\"text-align: center;\">Desde la Ant\u00edpodas<\/h1>\n<p>No piensen que Australia no est\u00e1 sufriendo la crisis mundial. Ocurre<a href=\"http:\/\/www.ciudadanosinfronteras.es\/wp-content\/uploads\/2013\/02\/Aussie-copy.jpg\"><img loading=\"lazy\" decoding=\"async\" class=\"alignright size-medium wp-image-58\" title=\"Aussie copy\" src=\"http:\/\/www.ciudadanosinfronteras.es\/wp-content\/uploads\/2013\/02\/Aussie-copy-207x300.jpg\" alt=\"\" width=\"207\" height=\"300\" \/><\/a> que las cosas van seg\u00fan lo quieran poner los medios que no dan la campanada. Se nota la pobreza y hay a quien le resulta muy dif\u00edcil encontrar trabajo y los salarios ya no son los mismos de un pasado. Por otra parte los trabajos cada vez m\u00e1s son temporales. Los sindicatos lo saben bien, por que influye en su propia ca\u00edda: disminuyen sus miembros. Con todo eso no se piense que los nuevos australianos no son concientes del significado de la conveniencia de sindicarse, pero tropiezan con muchos inconvenientes el hacerlo. Y \u00bfc\u00f3mo sabemos qu\u00e9 desempleo real tenemos si la gente no se registra porque dif\u00edcil ser\u00eda calificarse para cobrarlo y existe el miedo a perder su privacidad?: Sus ahorros que les obligan a declarar.<\/p>\n<\/div>\n<\/td>\n<\/tr>\n<\/tbody>\n<\/table>\n","protected":false},"excerpt":{"rendered":"<p>Australia for the Australians English \u201cAustralia for Australians&#8221; is a political pamphlet published in 1889. Its author was A.B. Paterson, writer, poet and journalist; a very &#8216;patriotic&#8217; and nationalist exclusive character. In a paragraph of the first chapter he said: &hellip; <a href=\"http:\/\/www.ciudadanosinfronteras.es\/?page_id=57\">Continue reading <span class=\"meta-nav\">&rarr;<\/span><\/a><\/p>\n","protected":false},"author":1,"featured_media":0,"parent":0,"menu_order":0,"comment_status":"open","ping_status":"open","template":"","meta":{"footnotes":""},"class_list":["post-57","page","type-page","status-publish","hentry"],"_links":{"self":[{"href":"http:\/\/www.ciudadanosinfronteras.es\/index.php?rest_route=\/wp\/v2\/pages\/57"}],"collection":[{"href":"http:\/\/www.ciudadanosinfronteras.es\/index.php?rest_route=\/wp\/v2\/pages"}],"about":[{"href":"http:\/\/www.ciudadanosinfronteras.es\/index.php?rest_route=\/wp\/v2\/types\/page"}],"author":[{"embeddable":true,"href":"http:\/\/www.ciudadanosinfronteras.es\/index.php?rest_route=\/wp\/v2\/users\/1"}],"replies":[{"embeddable":true,"href":"http:\/\/www.ciudadanosinfronteras.es\/index.php?rest_route=%2Fwp%2Fv2%2Fcomments&post=57"}],"version-history":[{"count":18,"href":"http:\/\/www.ciudadanosinfronteras.es\/index.php?rest_route=\/wp\/v2\/pages\/57\/revisions"}],"predecessor-version":[{"id":67,"href":"http:\/\/www.ciudadanosinfronteras.es\/index.php?rest_route=\/wp\/v2\/pages\/57\/revisions\/67"}],"wp:attachment":[{"href":"http:\/\/www.ciudadanosinfronteras.es\/index.php?rest_route=%2Fwp%2Fv2%2Fmedia&parent=57"}],"curies":[{"name":"wp","href":"https:\/\/api.w.org\/{rel}","templated":true}]}}