{"id":311,"date":"2013-10-27T09:05:13","date_gmt":"2013-10-27T09:05:13","guid":{"rendered":"http:\/\/www.ciudadanosinfronteras.es\/?page_id=311"},"modified":"2014-10-30T12:35:46","modified_gmt":"2014-10-30T12:35:46","slug":"espana-limita","status":"publish","type":"page","link":"http:\/\/www.ciudadanosinfronteras.es\/?page_id=311","title":{"rendered":"Espa\u00f1a limita\u2026"},"content":{"rendered":"<h2 style=\"text-align: left;\"><span style=\"color: #0000ff;\">Si las cosas siguen as\u00ed, ya podemos comenzar a delimitar los limites de Espa\u00f1a y volver a limitarlos. <\/span><\/h2>\n<h3 style=\"text-align: left;\"><span style=\"color: #ff0000;\">Si echan un vistazo al mapa se familiarizaran con el posible futuro nuevo mapa.<\/span><\/h3>\n<h2 style=\"text-align: left;\"><a href=\"http:\/\/www.ciudadanosinfronteras.es\/wp-content\/uploads\/2013\/10\/Mapa-de-las-Comunidades-Autonomas-de-Espana.jpg\"><img loading=\"lazy\" decoding=\"async\" class=\"aligncenter size-medium wp-image-312\" title=\"Mapa-de-las-Comunidades-Autonomas-de-Espana\" src=\"http:\/\/www.ciudadanosinfronteras.es\/wp-content\/uploads\/2013\/10\/Mapa-de-las-Comunidades-Autonomas-de-Espana-300x275.jpg\" alt=\"\" width=\"300\" height=\"275\" srcset=\"http:\/\/www.ciudadanosinfronteras.es\/wp-content\/uploads\/2013\/10\/Mapa-de-las-Comunidades-Autonomas-de-Espana-300x275.jpg 300w, http:\/\/www.ciudadanosinfronteras.es\/wp-content\/uploads\/2013\/10\/Mapa-de-las-Comunidades-Autonomas-de-Espana.jpg 479w\" sizes=\"(max-width: 300px) 100vw, 300px\" \/><\/a><\/h2>\n<p>\u201cEspa\u00f1a limita al Norte con el Mar Cant\u00e1brico, con el Pa\u00eds Vasco, Montes pirineos, en el Mediterr\u00e1neo con Catalu\u00f1a, Gibraltar&#8230; etc.\u201d<\/p>\n<p>Claro que si los dem\u00e1s se animan habr\u00e1 que ir recortando m\u00e1s sus limites.<\/p>\n<p>Cervantes tendr\u00eda sus razones para escoger la lengua castellana, entre las varias de la pen\u00ednsula de apenas grandes diferencias. Pero, la equivocaci\u00f3n de Don Quijote y Sancho fue, en su segundo viaje, ir a Catalu\u00f1a, pues ello se convertir\u00eda en su ultima aventura. si no hubiese sido por eso, todav\u00eda andar\u00edan con sus andanzas enderezando entuertos.<\/p>\n<p>Los catalanes quieren independizarse de andaluces, madrile\u00f1os, castellanos, extr\u00e9menos, gallegos, vascos, valencianos, murcianos, aragoneses, canarios \u2026 y \u2026 otros, todos los cuales componemos Espa\u00f1a, de lo cual nos viene el gentilicio de espa\u00f1ol.<\/p>\n<p>Las lenguas, dialectos y jergas habladas en la pen\u00ednsula son muy variadas, y, excepto el vascuence, todas derivadas del Lat\u00edn. Las cuales debido al aislamiento se fueron corrompiendo, transformando, y como resultado son lo que conocemos hoy en d\u00eda. Las lenguas se han ido perdiendo y reformando con los tiempos y lo seguir\u00e1n haciendo. Cualquier lengua de la pen\u00ednsula, excepto el vascuence, ser\u00eda aprendida r\u00e1pidamente por cualquier ciudadano espa\u00f1ol. Las barreras de las lenguas que dificultan el entendimiento a nivel global son reales, pero sin lugar a duda, se ir\u00e1n solucionando por intereses econ\u00f3micos y progresivamente se ir\u00e1n perdiendo.<\/p>\n<p>Las lenguas se van reformando, incluso hoy en d\u00eda como lo demuestra que uno pueda ir a un pa\u00eds latino americano y se encuentre que no se comprenda la jerga popular, aunque oficialmente sea el espa\u00f1ol. Pasa con el ingl\u00e9s, por ejemplo, si uno lo entiende observara los cambios sufridos por esa lengua en los EEUU, en Australia, Canad\u00e1, y otros pa\u00edses o regiones donde originalmente se impuso el ingl\u00e9s real.<\/p>\n<p>A m\u00ed no me extra\u00f1a lo de que las personas busquen su independencia. Lo hicieron los EEUU, as\u00ed como los dem\u00e1s pa\u00edses americanos. Y no se formaron m\u00e1s pa\u00edses porque una vez independizados no se les ha permitido a otros, si no se les contar\u00eda por cientos cuando no miles. Si se les da suelta a las tendencias humanas, estas buscar\u00edan su aislamiento de los dem\u00e1s, el resultado ser\u00eda espectacular. Pero una zona que se ha independizado y formado un nuevo pa\u00eds, lo primero que hace es reprimir a otros que buscasen su propia independencia.<\/p>\n<p>Los pueblos al carecer de un ideal creen encontrar la soluci\u00f3n a sus problemas, que por lo normal son econ\u00f3micos, en la independencia. Desde luego, los problemas econ\u00f3micos alientan la separaci\u00f3n bajo la esperanza que las cosas van a ir mejor.<\/p>\n<p>Esto de la independencia, en estos tiempos, encuentro que es un espejismo porque con la globalizaci\u00f3n, realmente no se consigue. Y esto no es nuevo pues ya anteriormente, los pa\u00edses al buscar inversiones for\u00e1neas la han ido perdiendo y los que hoy la buscan, el resultado es un freno temporal para frenar las reivindicaciones econ\u00f3micas y de clase.<\/p>\n<p>Las tendencia actuales y reales, con la globalizaci\u00f3n, son la perdida de tradiciones y diferencias culturales y con ello todo aquello que algunos quieren mantener por haber nacido bajo su paraguas. Las nuevas generaciones dan, y dar\u00e1n, al trasto con todas esas reivindicaciones culturales, ling\u00fc\u00edsticas e independentistas. Pues se impone una cultura y lengua transnacional, y las lenguas, primeramente las minoritarias se ir\u00e1n perdiendo por considerarlas una perdida de tiempo ante la necesidad de conocer y dominar las m\u00e1s importantes por la necesidad de ganarse la vida.<\/p>\n<p>Todav\u00eda no todo est\u00e1 dicho cuando vemos como lenguas como el mandar\u00edn es cada vez m\u00e1s popular a nivel global, ante la necesidad de aprenderlo por el poder econ\u00f3mico de este pa\u00eds. Pero ser\u00eda interesante, para dar base a mis reflexiones, el conocer las lenguas habladas en China que se van perdiendo por necesidad de aprender la oficial: el mandar\u00edn. Ya anteriormente se ha hablado de que en Nueva Guinea se hablan cientos de lenguas, en varios kil\u00f3metros, formadas por peque\u00f1as tribus, las cuales tienen la suya propia. Poco a poco se van perdiendo todas y lo m\u00e1s probable es que todos acaben hablando ingl\u00e9s. No todos ven importante en mantener lo que al final se va a perder, lo importante es arrimarse al sol que caliente.\u25a0<\/p>\n","protected":false},"excerpt":{"rendered":"<p>Si las cosas siguen as\u00ed, ya podemos comenzar a delimitar los limites de Espa\u00f1a y volver a limitarlos. Si echan un vistazo al mapa se familiarizaran con el posible futuro nuevo mapa. \u201cEspa\u00f1a limita al Norte con el Mar Cant\u00e1brico, &hellip; <a href=\"http:\/\/www.ciudadanosinfronteras.es\/?page_id=311\">Continue reading <span class=\"meta-nav\">&rarr;<\/span><\/a><\/p>\n","protected":false},"author":1,"featured_media":0,"parent":0,"menu_order":0,"comment_status":"open","ping_status":"open","template":"","meta":{"footnotes":""},"class_list":["post-311","page","type-page","status-publish","hentry"],"_links":{"self":[{"href":"http:\/\/www.ciudadanosinfronteras.es\/index.php?rest_route=\/wp\/v2\/pages\/311"}],"collection":[{"href":"http:\/\/www.ciudadanosinfronteras.es\/index.php?rest_route=\/wp\/v2\/pages"}],"about":[{"href":"http:\/\/www.ciudadanosinfronteras.es\/index.php?rest_route=\/wp\/v2\/types\/page"}],"author":[{"embeddable":true,"href":"http:\/\/www.ciudadanosinfronteras.es\/index.php?rest_route=\/wp\/v2\/users\/1"}],"replies":[{"embeddable":true,"href":"http:\/\/www.ciudadanosinfronteras.es\/index.php?rest_route=%2Fwp%2Fv2%2Fcomments&post=311"}],"version-history":[{"count":6,"href":"http:\/\/www.ciudadanosinfronteras.es\/index.php?rest_route=\/wp\/v2\/pages\/311\/revisions"}],"predecessor-version":[{"id":315,"href":"http:\/\/www.ciudadanosinfronteras.es\/index.php?rest_route=\/wp\/v2\/pages\/311\/revisions\/315"}],"wp:attachment":[{"href":"http:\/\/www.ciudadanosinfronteras.es\/index.php?rest_route=%2Fwp%2Fv2%2Fmedia&parent=311"}],"curies":[{"name":"wp","href":"https:\/\/api.w.org\/{rel}","templated":true}]}}