{"id":252,"date":"2013-05-10T11:38:11","date_gmt":"2013-05-10T11:38:11","guid":{"rendered":"http:\/\/www.ciudadanosinfronteras.es\/?page_id=252"},"modified":"2013-06-29T08:23:54","modified_gmt":"2013-06-29T08:23:54","slug":"the-marathon-runner","status":"publish","type":"page","link":"http:\/\/www.ciudadanosinfronteras.es\/?page_id=252","title":{"rendered":"\u201cThe marathon runner\u201d"},"content":{"rendered":"<h1 style=\"text-align: center;\">\u201cThe marathon runner\u201d<\/h1>\n<h2>\u00a0\u00a0\u00a0\u00a0\u00a0\u00a0\u00a0\u00a0 Les contar\u00e9:<a href=\"http:\/\/www.ciudadanosinfronteras.es\/wp-content\/uploads\/2013\/05\/Marathon-runner.jpg\"><img loading=\"lazy\" decoding=\"async\" class=\"aligncenter size-medium wp-image-248\" title=\"Marathon runner\" src=\"http:\/\/www.ciudadanosinfronteras.es\/wp-content\/uploads\/2013\/05\/Marathon-runner-210x300.jpg\" alt=\"\" width=\"210\" height=\"300\" srcset=\"http:\/\/www.ciudadanosinfronteras.es\/wp-content\/uploads\/2013\/05\/Marathon-runner-210x300.jpg 210w, http:\/\/www.ciudadanosinfronteras.es\/wp-content\/uploads\/2013\/05\/Marathon-runner-716x1024.jpg 716w, http:\/\/www.ciudadanosinfronteras.es\/wp-content\/uploads\/2013\/05\/Marathon-runner.jpg 1120w\" sizes=\"(max-width: 210px) 100vw, 210px\" \/><\/a><\/h2>\n<p>Adem\u00e1s de ser pol\u00edticamente conciente, tambi\u00e9n pr\u00e1ctico deportes. Uno de ellos es correr.<\/p>\n<p>Siempre he sido aficionado al deporte. De peque\u00f1o jugaba al balompi\u00e9. Aunque yo quitar\u00eda lo de bal\u00f3n y dejar\u00eda lo de pie\u00a0 y a\u00f1adir\u00eda aquello que d\u00e1bamos patadas que no era otra cosa que una pelota de goma, en el mejor de los casos,\u00a0 porque normalmente eran de trapo. Por lo tanto ser\u00eda pelotapi\u00e9, o trapopi\u00e9.<\/p>\n<p>Siendo aprendiz quise una bicicleta por ser un veh\u00edculo que permit\u00eda el transportarle uno al trabajo y a otras distancias, pero muy dif\u00edcil de conseguir en aquellos tiempos. Mi primera bicicleta comenz\u00f3 con un\u00a0 cuadro desechado por otro. Era la pieza m\u00e1s importante. Despu\u00e9s vino el ir consiguiendo el resto de las piezas, lo cual tom\u00f3 su tiempo. Por fin un d\u00eda un compa\u00f1ero de mi hermano mayor acab\u00f3 de darme los frenos que me faltaban para completarla. No he mencionado los ahorros que yo iba metiendo poco a poco hasta conseguir lo suficiente para una y otra pieza. Pero fueron los amigos de mi hermano, los globeros domingueros, los que me mayormente me proveyeron del resto de las piezas que ya no usaban. Las cuales, adem\u00e1s de caras se ganaba muy poco. Por fin consegu\u00ed completar.\u00a0 Todo un lujo en aquellos tiempos. Yo ya hab\u00eda aprendido a montar en bicicleta con la de mi padre sin que se enterase. Con ella me tiraba cuesta abajo montando a pedales hasta que consegu\u00ed mantenerla verticalmente. As\u00ed que al completar mi bicicleta ya sab\u00eda montar lo cual sorprendi\u00f3 a los amigos que pensaban que era un genio. Disfrut\u00e9 mucho por esas carreteras, las cuales eran m\u00e1s seguras que las de hoy. Me convert\u00ed tambi\u00e9n en un globero dominguero, y adem\u00e1s llegu\u00e9 a disputar carreras, si el trabajo me lo permit\u00eda.<\/p>\n<p>Fue cuando emigr\u00e9 buscando yo que s\u00e9, nunca lo supe, que se acab\u00f3 todo el deporte. Bastante ejercicio ten\u00eda con tener que entender a los gringos que no hablaban cristiano, ni protestante porque no se aclaraban ni entre ellos con eso del \u201cspelling\u201d. Y si darse cuenta uno se pas\u00f3 el tiempo. Y ya entrado en los cincuenta me di cuenta que se me agarrotaban las bisagras y ten\u00eda que hacer algo para engrasarlas. Como ve\u00eda\u00a0 a los trabajadores de cuello blanco, (blanco es un decir, adem\u00e1s de arrugado) ya veteranos, salir al medio d\u00eda a darse un garbeo corriendo por las aceras y parques cercanos, despu\u00e9s apoyarse contra la pared, un \u00e1rbol o un farol para estirar los tendones y darse una refrescante ducha, me dije que eso era\u00a0 lo que necesitaba. Lo de vestirse de pantal\u00f3n corto me cost\u00f3, pues acostumbrado a que lo de vestirlo no era cosa de mayores comenc\u00e9 a correr en secreto por las noches en parques solitarios. Cuando consegu\u00ed correr un kil\u00f3metro sin parar, me dije que ya estaba preparado.<\/p>\n<p>Me prepar\u00e9 mi pantal\u00f3n corto, no sin sentirme raro y me junt\u00e9 con el grupo. Las palizas que me daban me sirvieron para mejorar mi capacidad y distancia. Conoc\u00ed a un gringo, seguidor del Manchester, que me dijo por qu\u00e9 no corr\u00eda el marat\u00f3n de Melbourne. Me convenci\u00f3 y a pesar de que era muy pronto para meterse en esos jaleos consegu\u00ed terminarlo y recibir la primera medalla de finalista, que me hizo creerme que hab\u00eda ganado los ol\u00edmpicos.<\/p>\n<p>Me convert\u00ed en un fan\u00e1tico, y acab\u00e9 d\u00e1ndoles la paliza a la mayor\u00eda del grupo. En fin, no les voy a contar toda la historia de mis a\u00f1os de correr de principio a fin porque podr\u00eda durar tanto como esos buenos a\u00f1os. He parado por instinto, que no por recomendaci\u00f3n medica. .<\/p>\n<p>Pero durante todos esos a\u00f1os he corrido tantos maratones que he perdido la cuenta y he olvidado muchos. Los trofeos, las medallas, est\u00e1n en un caj\u00f3n olvidadas.\u00a0 Todos mis maratones han sido locales, estatales y federales puesto que ir a los internacionales\u00a0 costaba perras.<\/p>\n<p>Modestamente les dir\u00e9 que no me he considerado un corredor de elite por varias razones, que mis tiempos han sido por encima del promedio, y ello me ha permitido ganar algunos maratones como el campeonato nacional en Canberra, Melbourne y otros master locales. A todo ello hay que a\u00f1adirle varios medios maratones,\u00a0 y otras distancias de 10 y 5 kil\u00f3metros, sin contar las carreras por millas. Hasta \u201chandicaps\u201d en distancias medias.\u00a0 Todo esto dentro de mi grupo por edad.<\/p>\n<p>Hoy ya me he retirado y ahora ando con lo de las marchas a las cuales para no ser descalificado hay que coger el truco, ya veremos. Las reglas son un &#8220;pain in the asre\u201d<\/p>\n<p>Y ya saben algo m\u00e1s de mi persona.<\/p>\n","protected":false},"excerpt":{"rendered":"<p>\u201cThe marathon runner\u201d \u00a0\u00a0\u00a0\u00a0\u00a0\u00a0\u00a0\u00a0 Les contar\u00e9: Adem\u00e1s de ser pol\u00edticamente conciente, tambi\u00e9n pr\u00e1ctico deportes. Uno de ellos es correr. Siempre he sido aficionado al deporte. De peque\u00f1o jugaba al balompi\u00e9. Aunque yo quitar\u00eda lo de bal\u00f3n y dejar\u00eda lo de &hellip; <a href=\"http:\/\/www.ciudadanosinfronteras.es\/?page_id=252\">Continue reading <span class=\"meta-nav\">&rarr;<\/span><\/a><\/p>\n","protected":false},"author":1,"featured_media":0,"parent":0,"menu_order":0,"comment_status":"open","ping_status":"open","template":"","meta":{"footnotes":""},"class_list":["post-252","page","type-page","status-publish","hentry"],"_links":{"self":[{"href":"http:\/\/www.ciudadanosinfronteras.es\/index.php?rest_route=\/wp\/v2\/pages\/252"}],"collection":[{"href":"http:\/\/www.ciudadanosinfronteras.es\/index.php?rest_route=\/wp\/v2\/pages"}],"about":[{"href":"http:\/\/www.ciudadanosinfronteras.es\/index.php?rest_route=\/wp\/v2\/types\/page"}],"author":[{"embeddable":true,"href":"http:\/\/www.ciudadanosinfronteras.es\/index.php?rest_route=\/wp\/v2\/users\/1"}],"replies":[{"embeddable":true,"href":"http:\/\/www.ciudadanosinfronteras.es\/index.php?rest_route=%2Fwp%2Fv2%2Fcomments&post=252"}],"version-history":[{"count":12,"href":"http:\/\/www.ciudadanosinfronteras.es\/index.php?rest_route=\/wp\/v2\/pages\/252\/revisions"}],"predecessor-version":[{"id":256,"href":"http:\/\/www.ciudadanosinfronteras.es\/index.php?rest_route=\/wp\/v2\/pages\/252\/revisions\/256"}],"wp:attachment":[{"href":"http:\/\/www.ciudadanosinfronteras.es\/index.php?rest_route=%2Fwp%2Fv2%2Fmedia&parent=252"}],"curies":[{"name":"wp","href":"https:\/\/api.w.org\/{rel}","templated":true}]}}